{"id":624,"date":"2023-07-17T13:31:40","date_gmt":"2023-07-17T13:31:40","guid":{"rendered":"https:\/\/caravanpet.ca\/?page_id=624"},"modified":"2023-08-23T15:18:59","modified_gmt":"2023-08-23T15:18:59","slug":"composition-recettes","status":"publish","type":"page","link":"https:\/\/caravanpet.ca\/fr\/composition-recettes\/","title":{"rendered":"Composition des recettes"},"content":{"rendered":"","protected":false},"excerpt":{"rendered":"","protected":false},"author":1,"featured_media":0,"parent":0,"menu_order":0,"comment_status":"closed","ping_status":"closed","template":"template-products-whats-inside.php","meta":{"footnotes":""},"class_list":["post-624","page","type-page","status-publish","hentry"],"acf":[],"yoast_head":"<!-- This site is optimized with the Yoast SEO plugin v20.12 - https:\/\/yoast.com\/wordpress\/plugins\/seo\/ -->\n<title>Composition des recettes - Caravan Pet<\/title>\n<meta name=\"description\" content=\"Chaque recette contient de la viande musculaire, des organes, des fruits et des l\u00e9gumes ainsi que des min\u00e9raux ch\u00e9lat\u00e9s qui travaillent ensemble pour cr\u00e9er un bol \u00e9quilibr\u00e9, sain et d\u00e9licieux, \u00e0 chaque fois.\" \/>\n<meta name=\"robots\" content=\"index, follow, max-snippet:-1, max-image-preview:large, max-video-preview:-1\" \/>\n<link rel=\"canonical\" href=\"https:\/\/caravanpet.ca\/fr\/composition-recettes\/\" \/>\n<meta property=\"og:locale\" content=\"fr_FR\" \/>\n<meta property=\"og:type\" content=\"article\" \/>\n<meta property=\"og:title\" content=\"Composition des recettes - Caravan Pet\" \/>\n<meta property=\"og:description\" content=\"Chaque recette contient de la viande musculaire, des organes, des fruits et des l\u00e9gumes ainsi que des min\u00e9raux ch\u00e9lat\u00e9s qui travaillent ensemble pour cr\u00e9er un bol \u00e9quilibr\u00e9, sain et d\u00e9licieux, \u00e0 chaque fois.\" \/>\n<meta property=\"og:url\" content=\"https:\/\/caravanpet.ca\/fr\/composition-recettes\/\" \/>\n<meta property=\"og:site_name\" content=\"Caravan Pet\" \/>\n<meta property=\"article:modified_time\" content=\"2023-08-23T15:18:59+00:00\" \/>\n<meta name=\"twitter:card\" content=\"summary_large_image\" \/>\n<script type=\"application\/ld+json\" class=\"yoast-schema-graph\">{\"@context\":\"https:\/\/schema.org\",\"@graph\":[{\"@type\":\"WebPage\",\"@id\":\"https:\/\/caravanpet.ca\/fr\/composition-recettes\/\",\"url\":\"https:\/\/caravanpet.ca\/fr\/composition-recettes\/\",\"name\":\"Composition des recettes - Caravan Pet\",\"isPartOf\":{\"@id\":\"https:\/\/caravanpet.ca\/#website\"},\"datePublished\":\"2023-07-17T13:31:40+00:00\",\"dateModified\":\"2023-08-23T15:18:59+00:00\",\"description\":\"Chaque recette contient de la viande musculaire, des organes, des fruits et des l\u00e9gumes ainsi que des min\u00e9raux ch\u00e9lat\u00e9s qui travaillent ensemble pour cr\u00e9er un bol \u00e9quilibr\u00e9, sain et d\u00e9licieux, \u00e0 chaque fois.\",\"breadcrumb\":{\"@id\":\"https:\/\/caravanpet.ca\/fr\/composition-recettes\/#breadcrumb\"},\"inLanguage\":\"fr-FR\",\"potentialAction\":[{\"@type\":\"ReadAction\",\"target\":[\"https:\/\/caravanpet.ca\/fr\/composition-recettes\/\"]}]},{\"@type\":\"BreadcrumbList\",\"@id\":\"https:\/\/caravanpet.ca\/fr\/composition-recettes\/#breadcrumb\",\"itemListElement\":[{\"@type\":\"ListItem\",\"position\":1,\"name\":\"Home\",\"item\":\"https:\/\/caravanpet.ca\/fr\/\"},{\"@type\":\"ListItem\",\"position\":2,\"name\":\"Composition des recettes\"}]},{\"@type\":\"WebSite\",\"@id\":\"https:\/\/caravanpet.ca\/#website\",\"url\":\"https:\/\/caravanpet.ca\/\",\"name\":\"Caravan Pet\",\"description\":\"Real Food for Real Adventures\",\"potentialAction\":[{\"@type\":\"SearchAction\",\"target\":{\"@type\":\"EntryPoint\",\"urlTemplate\":\"https:\/\/caravanpet.ca\/?s={search_term_string}\"},\"query-input\":\"required name=search_term_string\"}],\"inLanguage\":\"fr-FR\"}]}<\/script>\n<!-- \/ Yoast SEO plugin. -->","yoast_head_json":{"title":"Composition des recettes - Caravan Pet","description":"Chaque recette contient de la viande musculaire, des organes, des fruits et des l\u00e9gumes ainsi que des min\u00e9raux ch\u00e9lat\u00e9s qui travaillent ensemble pour cr\u00e9er un bol \u00e9quilibr\u00e9, sain et d\u00e9licieux, \u00e0 chaque fois.","robots":{"index":"index","follow":"follow","max-snippet":"max-snippet:-1","max-image-preview":"max-image-preview:large","max-video-preview":"max-video-preview:-1"},"canonical":"https:\/\/caravanpet.ca\/fr\/composition-recettes\/","og_locale":"fr_FR","og_type":"article","og_title":"Composition des recettes - Caravan Pet","og_description":"Chaque recette contient de la viande musculaire, des organes, des fruits et des l\u00e9gumes ainsi que des min\u00e9raux ch\u00e9lat\u00e9s qui travaillent ensemble pour cr\u00e9er un bol \u00e9quilibr\u00e9, sain et d\u00e9licieux, \u00e0 chaque fois.","og_url":"https:\/\/caravanpet.ca\/fr\/composition-recettes\/","og_site_name":"Caravan Pet","article_modified_time":"2023-08-23T15:18:59+00:00","twitter_card":"summary_large_image","schema":{"@context":"https:\/\/schema.org","@graph":[{"@type":"WebPage","@id":"https:\/\/caravanpet.ca\/fr\/composition-recettes\/","url":"https:\/\/caravanpet.ca\/fr\/composition-recettes\/","name":"Composition des recettes - Caravan Pet","isPartOf":{"@id":"https:\/\/caravanpet.ca\/#website"},"datePublished":"2023-07-17T13:31:40+00:00","dateModified":"2023-08-23T15:18:59+00:00","description":"Chaque recette contient de la viande musculaire, des organes, des fruits et des l\u00e9gumes ainsi que des min\u00e9raux ch\u00e9lat\u00e9s qui travaillent ensemble pour cr\u00e9er un bol \u00e9quilibr\u00e9, sain et d\u00e9licieux, \u00e0 chaque fois.","breadcrumb":{"@id":"https:\/\/caravanpet.ca\/fr\/composition-recettes\/#breadcrumb"},"inLanguage":"fr-FR","potentialAction":[{"@type":"ReadAction","target":["https:\/\/caravanpet.ca\/fr\/composition-recettes\/"]}]},{"@type":"BreadcrumbList","@id":"https:\/\/caravanpet.ca\/fr\/composition-recettes\/#breadcrumb","itemListElement":[{"@type":"ListItem","position":1,"name":"Home","item":"https:\/\/caravanpet.ca\/fr\/"},{"@type":"ListItem","position":2,"name":"Composition des recettes"}]},{"@type":"WebSite","@id":"https:\/\/caravanpet.ca\/#website","url":"https:\/\/caravanpet.ca\/","name":"Caravan Pet","description":"Real Food for Real Adventures","potentialAction":[{"@type":"SearchAction","target":{"@type":"EntryPoint","urlTemplate":"https:\/\/caravanpet.ca\/?s={search_term_string}"},"query-input":"required name=search_term_string"}],"inLanguage":"fr-FR"}]}},"featured_image_src":null,"featured_image_src_square":null,"_links":{"self":[{"href":"https:\/\/caravanpet.ca\/fr\/wp-json\/wp\/v2\/pages\/624","targetHints":{"allow":["GET"]}}],"collection":[{"href":"https:\/\/caravanpet.ca\/fr\/wp-json\/wp\/v2\/pages"}],"about":[{"href":"https:\/\/caravanpet.ca\/fr\/wp-json\/wp\/v2\/types\/page"}],"author":[{"embeddable":true,"href":"https:\/\/caravanpet.ca\/fr\/wp-json\/wp\/v2\/users\/1"}],"replies":[{"embeddable":true,"href":"https:\/\/caravanpet.ca\/fr\/wp-json\/wp\/v2\/comments?post=624"}],"version-history":[{"count":0,"href":"https:\/\/caravanpet.ca\/fr\/wp-json\/wp\/v2\/pages\/624\/revisions"}],"wp:attachment":[{"href":"https:\/\/caravanpet.ca\/fr\/wp-json\/wp\/v2\/media?parent=624"}],"curies":[{"name":"wp","href":"https:\/\/api.w.org\/{rel}","templated":true}]}}