{"id":588,"date":"2023-07-24T19:22:54","date_gmt":"2023-07-24T19:22:54","guid":{"rendered":"https:\/\/caravanpet.ca\/?page_id=588"},"modified":"2023-08-23T15:21:45","modified_gmt":"2023-08-23T15:21:45","slug":"ou-acheter","status":"publish","type":"page","link":"https:\/\/caravanpet.ca\/fr\/ou-acheter\/","title":{"rendered":"O\u00f9 acheter"},"content":{"rendered":"<p>Disponible uniquement au Canada, vous pouvez trouver Caravan Country Cookhouse, peu importe o\u00f9 vos aventures vous m\u00e8nent, d&rsquo;un oc\u00e9an \u00e0 l&rsquo;autre.<\/p>\n<p>Si votre d\u00e9taillant sp\u00e9cialis\u00e9 pour animaux de compagnie pr\u00e9f\u00e9r\u00e9 ne figure pas dans la liste, contactez-nous et nous le contacterons afin que vous puissiez acheter Caravan l\u00e0 o\u00f9 vous magasinez d\u00e9j\u00e0.<\/p>\n<p>&nbsp;<\/p>\n","protected":false},"excerpt":{"rendered":"<p>Disponible uniquement au Canada, vous pouvez trouver Caravan Country Cookhouse, peu importe o\u00f9 vos aventures vous m\u00e8nent, d&rsquo;un oc\u00e9an \u00e0 l&rsquo;autre. Si votre d\u00e9taillant sp\u00e9cialis\u00e9 pour animaux de compagnie pr\u00e9f\u00e9r\u00e9 ne figure pas dans la liste, contactez-nous et nous le contacterons afin que vous puissiez acheter Caravan l\u00e0 o\u00f9 vous magasinez d\u00e9j\u00e0. &nbsp;<\/p>\n","protected":false},"author":1,"featured_media":0,"parent":0,"menu_order":0,"comment_status":"closed","ping_status":"closed","template":"template-where-to-buy.php","meta":{"footnotes":""},"class_list":["post-588","page","type-page","status-publish","hentry"],"acf":[],"yoast_head":"<!-- This site is optimized with the Yoast SEO plugin v20.12 - https:\/\/yoast.com\/wordpress\/plugins\/seo\/ -->\n<title>O\u00f9 acheter - Caravan Pet<\/title>\n<meta name=\"description\" content=\"Disponible uniquement au Canada, vous pouvez trouver Caravan Country Cookhouse, o\u00f9 que vos aventures vous m\u00e8nent, d&#039;un oc\u00e9an \u00e0 l&#039;autre. Si votre d\u00e9taillant sp\u00e9cialis\u00e9 pr\u00e9f\u00e9r\u00e9 pour animaux de compagnie ne figure pas dans la liste, contactez-nous et nous le contacterons afin que vous puissiez acheter Caravan l\u00e0 o\u00f9 vous magasinez d\u00e9j\u00e0.\" \/>\n<meta name=\"robots\" content=\"index, follow, max-snippet:-1, max-image-preview:large, max-video-preview:-1\" \/>\n<link rel=\"canonical\" href=\"https:\/\/caravanpet.ca\/fr\/ou-acheter\/\" \/>\n<meta property=\"og:locale\" content=\"fr_FR\" \/>\n<meta property=\"og:type\" content=\"article\" \/>\n<meta property=\"og:title\" content=\"O\u00f9 acheter - Caravan Pet\" \/>\n<meta property=\"og:description\" content=\"Disponible uniquement au Canada, vous pouvez trouver Caravan Country Cookhouse, o\u00f9 que vos aventures vous m\u00e8nent, d&#039;un oc\u00e9an \u00e0 l&#039;autre. Si votre d\u00e9taillant sp\u00e9cialis\u00e9 pr\u00e9f\u00e9r\u00e9 pour animaux de compagnie ne figure pas dans la liste, contactez-nous et nous le contacterons afin que vous puissiez acheter Caravan l\u00e0 o\u00f9 vous magasinez d\u00e9j\u00e0.\" \/>\n<meta property=\"og:url\" content=\"https:\/\/caravanpet.ca\/fr\/ou-acheter\/\" \/>\n<meta property=\"og:site_name\" content=\"Caravan Pet\" \/>\n<meta property=\"article:modified_time\" content=\"2023-08-23T15:21:45+00:00\" \/>\n<meta name=\"twitter:card\" content=\"summary_large_image\" \/>\n<meta name=\"twitter:label1\" content=\"Dur\u00e9e de lecture estim\u00e9e\" \/>\n\t<meta name=\"twitter:data1\" content=\"1 minute\" \/>\n<script type=\"application\/ld+json\" class=\"yoast-schema-graph\">{\"@context\":\"https:\/\/schema.org\",\"@graph\":[{\"@type\":\"WebPage\",\"@id\":\"https:\/\/caravanpet.ca\/fr\/ou-acheter\/\",\"url\":\"https:\/\/caravanpet.ca\/fr\/ou-acheter\/\",\"name\":\"O\u00f9 acheter - Caravan Pet\",\"isPartOf\":{\"@id\":\"https:\/\/caravanpet.ca\/#website\"},\"datePublished\":\"2023-07-24T19:22:54+00:00\",\"dateModified\":\"2023-08-23T15:21:45+00:00\",\"description\":\"Disponible uniquement au Canada, vous pouvez trouver Caravan Country Cookhouse, o\u00f9 que vos aventures vous m\u00e8nent, d'un oc\u00e9an \u00e0 l'autre. Si votre d\u00e9taillant sp\u00e9cialis\u00e9 pr\u00e9f\u00e9r\u00e9 pour animaux de compagnie ne figure pas dans la liste, contactez-nous et nous le contacterons afin que vous puissiez acheter Caravan l\u00e0 o\u00f9 vous magasinez d\u00e9j\u00e0.\",\"breadcrumb\":{\"@id\":\"https:\/\/caravanpet.ca\/fr\/ou-acheter\/#breadcrumb\"},\"inLanguage\":\"fr-FR\",\"potentialAction\":[{\"@type\":\"ReadAction\",\"target\":[\"https:\/\/caravanpet.ca\/fr\/ou-acheter\/\"]}]},{\"@type\":\"BreadcrumbList\",\"@id\":\"https:\/\/caravanpet.ca\/fr\/ou-acheter\/#breadcrumb\",\"itemListElement\":[{\"@type\":\"ListItem\",\"position\":1,\"name\":\"Home\",\"item\":\"https:\/\/caravanpet.ca\/fr\/\"},{\"@type\":\"ListItem\",\"position\":2,\"name\":\"O\u00f9 acheter\"}]},{\"@type\":\"WebSite\",\"@id\":\"https:\/\/caravanpet.ca\/#website\",\"url\":\"https:\/\/caravanpet.ca\/\",\"name\":\"Caravan Pet\",\"description\":\"Real Food for Real Adventures\",\"potentialAction\":[{\"@type\":\"SearchAction\",\"target\":{\"@type\":\"EntryPoint\",\"urlTemplate\":\"https:\/\/caravanpet.ca\/?s={search_term_string}\"},\"query-input\":\"required name=search_term_string\"}],\"inLanguage\":\"fr-FR\"}]}<\/script>\n<!-- \/ Yoast SEO plugin. -->","yoast_head_json":{"title":"O\u00f9 acheter - Caravan Pet","description":"Disponible uniquement au Canada, vous pouvez trouver Caravan Country Cookhouse, o\u00f9 que vos aventures vous m\u00e8nent, d'un oc\u00e9an \u00e0 l'autre. Si votre d\u00e9taillant sp\u00e9cialis\u00e9 pr\u00e9f\u00e9r\u00e9 pour animaux de compagnie ne figure pas dans la liste, contactez-nous et nous le contacterons afin que vous puissiez acheter Caravan l\u00e0 o\u00f9 vous magasinez d\u00e9j\u00e0.","robots":{"index":"index","follow":"follow","max-snippet":"max-snippet:-1","max-image-preview":"max-image-preview:large","max-video-preview":"max-video-preview:-1"},"canonical":"https:\/\/caravanpet.ca\/fr\/ou-acheter\/","og_locale":"fr_FR","og_type":"article","og_title":"O\u00f9 acheter - Caravan Pet","og_description":"Disponible uniquement au Canada, vous pouvez trouver Caravan Country Cookhouse, o\u00f9 que vos aventures vous m\u00e8nent, d'un oc\u00e9an \u00e0 l'autre. Si votre d\u00e9taillant sp\u00e9cialis\u00e9 pr\u00e9f\u00e9r\u00e9 pour animaux de compagnie ne figure pas dans la liste, contactez-nous et nous le contacterons afin que vous puissiez acheter Caravan l\u00e0 o\u00f9 vous magasinez d\u00e9j\u00e0.","og_url":"https:\/\/caravanpet.ca\/fr\/ou-acheter\/","og_site_name":"Caravan Pet","article_modified_time":"2023-08-23T15:21:45+00:00","twitter_card":"summary_large_image","twitter_misc":{"Dur\u00e9e de lecture estim\u00e9e":"1 minute"},"schema":{"@context":"https:\/\/schema.org","@graph":[{"@type":"WebPage","@id":"https:\/\/caravanpet.ca\/fr\/ou-acheter\/","url":"https:\/\/caravanpet.ca\/fr\/ou-acheter\/","name":"O\u00f9 acheter - Caravan Pet","isPartOf":{"@id":"https:\/\/caravanpet.ca\/#website"},"datePublished":"2023-07-24T19:22:54+00:00","dateModified":"2023-08-23T15:21:45+00:00","description":"Disponible uniquement au Canada, vous pouvez trouver Caravan Country Cookhouse, o\u00f9 que vos aventures vous m\u00e8nent, d'un oc\u00e9an \u00e0 l'autre. Si votre d\u00e9taillant sp\u00e9cialis\u00e9 pr\u00e9f\u00e9r\u00e9 pour animaux de compagnie ne figure pas dans la liste, contactez-nous et nous le contacterons afin que vous puissiez acheter Caravan l\u00e0 o\u00f9 vous magasinez d\u00e9j\u00e0.","breadcrumb":{"@id":"https:\/\/caravanpet.ca\/fr\/ou-acheter\/#breadcrumb"},"inLanguage":"fr-FR","potentialAction":[{"@type":"ReadAction","target":["https:\/\/caravanpet.ca\/fr\/ou-acheter\/"]}]},{"@type":"BreadcrumbList","@id":"https:\/\/caravanpet.ca\/fr\/ou-acheter\/#breadcrumb","itemListElement":[{"@type":"ListItem","position":1,"name":"Home","item":"https:\/\/caravanpet.ca\/fr\/"},{"@type":"ListItem","position":2,"name":"O\u00f9 acheter"}]},{"@type":"WebSite","@id":"https:\/\/caravanpet.ca\/#website","url":"https:\/\/caravanpet.ca\/","name":"Caravan Pet","description":"Real Food for Real Adventures","potentialAction":[{"@type":"SearchAction","target":{"@type":"EntryPoint","urlTemplate":"https:\/\/caravanpet.ca\/?s={search_term_string}"},"query-input":"required name=search_term_string"}],"inLanguage":"fr-FR"}]}},"featured_image_src":null,"featured_image_src_square":null,"_links":{"self":[{"href":"https:\/\/caravanpet.ca\/fr\/wp-json\/wp\/v2\/pages\/588","targetHints":{"allow":["GET"]}}],"collection":[{"href":"https:\/\/caravanpet.ca\/fr\/wp-json\/wp\/v2\/pages"}],"about":[{"href":"https:\/\/caravanpet.ca\/fr\/wp-json\/wp\/v2\/types\/page"}],"author":[{"embeddable":true,"href":"https:\/\/caravanpet.ca\/fr\/wp-json\/wp\/v2\/users\/1"}],"replies":[{"embeddable":true,"href":"https:\/\/caravanpet.ca\/fr\/wp-json\/wp\/v2\/comments?post=588"}],"version-history":[{"count":0,"href":"https:\/\/caravanpet.ca\/fr\/wp-json\/wp\/v2\/pages\/588\/revisions"}],"wp:attachment":[{"href":"https:\/\/caravanpet.ca\/fr\/wp-json\/wp\/v2\/media?parent=588"}],"curies":[{"name":"wp","href":"https:\/\/api.w.org\/{rel}","templated":true}]}}